{"id":261,"date":"2025-07-09T13:04:03","date_gmt":"2025-07-09T11:04:03","guid":{"rendered":"https:\/\/luciecoroller-psychologue.fr\/?page_id=261"},"modified":"2026-03-05T17:56:04","modified_gmt":"2026-03-05T16:56:04","slug":"accompagnement-des-personnes-issues-de-la-communaute-lgbt","status":"publish","type":"page","link":"https:\/\/luciecoroller-psychologue.fr\/index.php\/accompagnement-des-personnes-issues-de-la-communaute-lgbt\/","title":{"rendered":"Accompagnement des personnes issues de la communaut\u00e9 LGBTQIA+"},"content":{"rendered":"\n<blockquote class=\"wp-block-quote is-layout-flow wp-block-quote-is-layout-flow\">\n<p>Je suis sensible aux <strong>questionnements d&rsquo;identit\u00e9 de genre et d&rsquo;orientation sexuelle<\/strong>, ma pratique est inclusive et respectueuse des <strong>parcours <\/strong>lesbiens, gays, bisexuels, intersexes, queer et trans*.<\/p>\n<\/blockquote>\n\n\n\n<p>Ma pratique &amp; mon accompagnement des personnes LGBTQIA+ est inform\u00e9e par ma propre exp\u00e9rience, par mes lectures, mon int\u00e9r\u00eat constant pour les probl\u00e9matiques et la diversit\u00e9 de la communaut\u00e9, ainsi que par une <strong>formation engag\u00e9e et militante<\/strong> sur les enjeux rencontr\u00e9s par les personnes concern\u00e9\u00b7es.<\/p>\n\n\n\n<p>Dans ce cadre, je vous propose un espace dans lequel vous serez accueilli\u00b7es avec bienveillance pour <strong>explorer les questions qui vous animent<\/strong> et \u00eatre soutenu\u00b7es face aux enjeux de vos parcours, sans remise en question de votre identit\u00e9, de votre exp\u00e9rience v\u00e9cue ou de vos ressentis.<\/p>\n\n\n\n<p>Toutes les questions li\u00e9es au genre et \u00e0 la sexualit\u00e9 peuvent \u00eatre abord\u00e9es, en bousculant les attentes d&rsquo;une soci\u00e9t\u00e9 cis-h\u00e9t\u00e9ronorm\u00e9e et normative : relations amoureuses (non)-exclusives, monogames ou polyamoureuses, (a)sexualit\u00e9, d\u00e9sirs de parentalit\u00e9, exploration des expressions de genre, etc.<\/p>\n\n\n\n<hr class=\"wp-block-separator has-text-color has-custom-navy-color has-alpha-channel-opacity has-custom-navy-background-color has-background is-style-dots\"\/>\n\n\n\n<p>J&rsquo;accompagne toute personne en <strong>questionnement sur son identit\u00e9 de genre <\/strong>et\/ou orientation sexuelle, ainsi que les <strong>personnes trans <\/strong>&amp; les <strong>personnes non-binaires<\/strong>, dans une <strong>approche affirmative d&rsquo;acceptation radicale<\/strong> des identit\u00e9s et des parcours.<\/p>\n\n\n\n<hr class=\"wp-block-separator has-text-color has-custom-navy-color has-alpha-channel-opacity has-custom-navy-background-color has-background is-style-dots\"\/>\n\n\n\n<div class=\"wp-block-columns is-layout-flex wp-container-core-columns-is-layout-28f84493 wp-block-columns-is-layout-flex\">\n<div class=\"wp-block-column is-layout-flow wp-block-column-is-layout-flow\" style=\"flex-basis:66.66%\">\n<p style=\"font-size:clamp(0.875rem, 0.875rem + ((1vw - 0.2rem) * 0.196), 1rem);\">Afin de promouvoir l\u2019<strong>\u00e9galit\u00e9 d\u2019acc\u00e8s \u00e0 la th\u00e9rapie<\/strong> et je m\u2019efforce, dans ma pratique, \u00e0 proposer un espace inclusif pour toutes et tous, notamment en proposant des honoraires adapt\u00e9s \u00e0 chaque situation.<\/p>\n<\/div>\n\n\n\n<div class=\"wp-block-column is-layout-flow wp-block-column-is-layout-flow\" style=\"flex-basis:33.33%\">\n<div style=\"height:0px\" aria-hidden=\"true\" class=\"wp-block-spacer\"><\/div>\n\n\n\n<div class=\"wp-block-buttons is-layout-flex wp-block-buttons-is-layout-flex\">\n<div class=\"wp-block-button has-custom-width wp-block-button__width-100\"><a class=\"wp-block-button__link has-custom-cloud-color has-custom-violet-background-color has-text-color has-background has-link-color has-custom-font-size wp-element-button\" href=\"https:\/\/luciecoroller-psychologue.fr\/index.php\/tarifs-modalites\/\" style=\"padding-top:6px;padding-right:0;padding-bottom:6px;padding-left:0;font-size:clamp(14px, 0.875rem + ((1vw - 3.2px) * 0.294), 17px);\"><strong>Acc\u00e9der \u00e0 la page modalit\u00e9s et tarifs<\/strong><\/a><\/div>\n<\/div>\n<\/div>\n<\/div>\n\n\n\n<hr class=\"wp-block-separator has-text-color has-custom-navy-color has-alpha-channel-opacity has-custom-navy-background-color has-background is-style-dots\"\/>\n","protected":false},"excerpt":{"rendered":"<p>Je suis sensible aux questionnements d&rsquo;identit\u00e9 de genre et d&rsquo;orientation sexuelle, ma pratique est inclusive et respectueuse des parcours lesbiens, gays, bisexuels, intersexes, queer et trans*. Ma pratique &amp; mon accompagnement des personnes LGBTQIA+ est inform\u00e9e par ma propre exp\u00e9rience, par mes lectures, mon int\u00e9r\u00eat constant pour les probl\u00e9matiques et la diversit\u00e9 de la communaut\u00e9, [&hellip;]<\/p>\n","protected":false},"author":1,"featured_media":0,"parent":0,"menu_order":0,"comment_status":"closed","ping_status":"closed","template":"","meta":{"footnotes":""},"class_list":["post-261","page","type-page","status-publish","hentry"],"_links":{"self":[{"href":"https:\/\/luciecoroller-psychologue.fr\/index.php\/wp-json\/wp\/v2\/pages\/261","targetHints":{"allow":["GET"]}}],"collection":[{"href":"https:\/\/luciecoroller-psychologue.fr\/index.php\/wp-json\/wp\/v2\/pages"}],"about":[{"href":"https:\/\/luciecoroller-psychologue.fr\/index.php\/wp-json\/wp\/v2\/types\/page"}],"author":[{"embeddable":true,"href":"https:\/\/luciecoroller-psychologue.fr\/index.php\/wp-json\/wp\/v2\/users\/1"}],"replies":[{"embeddable":true,"href":"https:\/\/luciecoroller-psychologue.fr\/index.php\/wp-json\/wp\/v2\/comments?post=261"}],"version-history":[{"count":11,"href":"https:\/\/luciecoroller-psychologue.fr\/index.php\/wp-json\/wp\/v2\/pages\/261\/revisions"}],"predecessor-version":[{"id":361,"href":"https:\/\/luciecoroller-psychologue.fr\/index.php\/wp-json\/wp\/v2\/pages\/261\/revisions\/361"}],"wp:attachment":[{"href":"https:\/\/luciecoroller-psychologue.fr\/index.php\/wp-json\/wp\/v2\/media?parent=261"}],"curies":[{"name":"wp","href":"https:\/\/api.w.org\/{rel}","templated":true}]}}