{"id":336,"date":"2026-01-15T10:00:18","date_gmt":"2026-01-15T09:00:18","guid":{"rendered":"https:\/\/luciecoroller-psychologue.fr\/?page_id=336"},"modified":"2026-01-15T10:07:02","modified_gmt":"2026-01-15T09:07:02","slug":"tarifs-informations","status":"publish","type":"page","link":"https:\/\/luciecoroller-psychologue.fr\/index.php\/tarifs-informations\/","title":{"rendered":"Tarifs &#038; informations pratiques"},"content":{"rendered":"\n<div class=\"wp-block-group alignfull has-global-padding is-layout-constrained wp-container-core-group-is-layout-c7d5e30c wp-block-group-is-layout-constrained\" style=\"margin-top:0;margin-bottom:0;padding-top:var(--wp--preset--spacing--20);padding-bottom:var(--wp--preset--spacing--20)\">\n<div class=\"wp-block-columns is-layout-flex wp-container-core-columns-is-layout-28f84493 wp-block-columns-is-layout-flex\">\n<div class=\"wp-block-column is-layout-flow wp-block-column-is-layout-flow\">\n<p class=\"has-text-align-center\" style=\"font-size:clamp(0.875rem, 0.875rem + ((1vw - 0.2rem) * 0.51), 1.2rem);\">Je re\u00e7ois sur rendez-vous, en cabinet ou en t\u00e9l\u00e9-consultation, toute personne \u00e0 partir de 18 ans.<\/p>\n\n\n\n<p class=\"has-text-align-center\" style=\"font-size:clamp(0.875rem, 0.875rem + ((1vw - 0.2rem) * 0.51), 1.2rem);\">Du lundi au jeudi de 9h \u00e0 20h, selon les jours.<\/p>\n\n\n\n<div class=\"wp-block-buttons is-content-justification-center is-layout-flex wp-container-core-buttons-is-layout-a89b3969 wp-block-buttons-is-layout-flex\">\n<div class=\"wp-block-button\"><a class=\"wp-block-button__link has-custom-cloud-color has-custom-pink-background-color has-text-color has-background has-link-color wp-element-button\" href=\"https:\/\/luciecoroller-psychologue.fr\/index.php\/prendre-rendez-vous\/\" style=\"padding-top:var(--wp--preset--spacing--20);padding-right:var(--wp--preset--spacing--30);padding-bottom:var(--wp--preset--spacing--20);padding-left:var(--wp--preset--spacing--30)\">Prendre rendez-vous<\/a><\/div>\n<\/div>\n\n\n\n<div style=\"height:21px\" aria-hidden=\"true\" class=\"wp-block-spacer\"><\/div>\n<\/div>\n<\/div>\n<\/div>\n\n\n\n<div class=\"wp-block-group alignfull has-custom-navy-background-color has-background has-global-padding is-layout-constrained wp-container-core-group-is-layout-80cddf41 wp-block-group-is-layout-constrained\" style=\"margin-top:0px;margin-bottom:0px;padding-top:var(--wp--preset--spacing--20);padding-right:var(--wp--preset--spacing--20);padding-bottom:var(--wp--preset--spacing--40);padding-left:var(--wp--preset--spacing--20)\">\n<div class=\"wp-block-group alignwide is-content-justification-space-between is-layout-flex wp-container-core-group-is-layout-9366075c wp-block-group-is-layout-flex\">\n<h2 class=\"wp-block-heading\">Tarif des s\u00e9ances<\/h2>\n\n\n\n<p class=\"is-style-text-annotation has-custom-navy-color has-custom-cloud-background-color has-text-color has-background has-link-color wp-elements-4dcd1ff381f3b1c0965a8542f5713138 is-style-text-annotation--1\"><strong>Modalit\u00e9s de paiement : <\/strong>carte bancaire, esp\u00e8ces, ch\u00e8que &amp; virement<\/p>\n<\/div>\n\n\n\n<div class=\"wp-block-columns alignwide is-layout-flex wp-container-core-columns-is-layout-75e4c4bb wp-block-columns-is-layout-flex\" style=\"margin-top:var(--wp--preset--spacing--40);margin-bottom:0\">\n<div class=\"wp-block-column has-border-color has-custom-violet-border-color has-custom-cloud-background-color has-background has-global-padding is-content-justification-center is-layout-constrained wp-container-core-column-is-layout-edf83851 wp-block-column-is-layout-constrained\" style=\"border-width:2px;border-radius:10px;padding-top:var(--wp--preset--spacing--30);padding-right:var(--wp--preset--spacing--30);padding-bottom:var(--wp--preset--spacing--30);padding-left:var(--wp--preset--spacing--30)\">\n<div class=\"wp-block-columns is-not-stacked-on-mobile is-layout-flex wp-container-core-columns-is-layout-81213e5a wp-block-columns-is-layout-flex\" style=\"margin-top:0;margin-bottom:0\">\n<div class=\"wp-block-column is-layout-flow wp-block-column-is-layout-flow\" style=\"flex-basis:70%\">\n<h3 class=\"wp-block-heading has-large-font-size\" style=\"margin-bottom:var(--wp--preset--spacing--20)\">Premi\u00e8re consultation<\/h3>\n\n\n\n<p class=\"has-small-font-size\">La premi\u00e8re s\u00e9ance est un moment de d\u00e9couverte pour vous comme pour moi, elle permet d&rsquo;explorer les th\u00e8mes que vous souhaitez aborder et d\u00e9finir les modalit\u00e9s du suivi.<\/p>\n<\/div>\n\n\n\n<div class=\"wp-block-column has-custom-cloud-background-color has-background is-layout-flow wp-block-column-is-layout-flow\" style=\"margin-top:0;margin-right:0;margin-bottom:0;margin-left:0;flex-basis:100px\">\n<h3 class=\"wp-block-heading has-text-align-right\" style=\"margin-top:0;margin-right:0;margin-bottom:0;margin-left:0\">40&nbsp;\u20ac<\/h3>\n\n\n\n<p class=\"has-text-align-right has-small-font-size\" style=\"margin-top:0\">60 minutes<\/p>\n<\/div>\n<\/div>\n<\/div>\n\n\n\n<div class=\"wp-block-column has-border-color has-custom-violet-border-color has-custom-cloud-background-color has-background has-global-padding is-content-justification-center is-layout-constrained wp-container-core-column-is-layout-edf83851 wp-block-column-is-layout-constrained\" style=\"border-width:2px;border-radius:10px;padding-top:var(--wp--preset--spacing--30);padding-right:var(--wp--preset--spacing--30);padding-bottom:var(--wp--preset--spacing--30);padding-left:var(--wp--preset--spacing--30)\">\n<div class=\"wp-block-columns is-not-stacked-on-mobile is-layout-flex wp-container-core-columns-is-layout-81213e5a wp-block-columns-is-layout-flex\" style=\"margin-top:0;margin-bottom:0\">\n<div class=\"wp-block-column is-layout-flow wp-block-column-is-layout-flow\" style=\"flex-basis:70%\">\n<h3 class=\"wp-block-heading has-large-font-size\" style=\"margin-bottom:var(--wp--preset--spacing--20)\">Consultation de suivi<\/h3>\n\n\n\n<p class=\"has-small-font-size\">Le rythme des s\u00e9ances, ainsi que la dur\u00e9e de l&rsquo;accompagnement, est variable. Ils sont adapt\u00e9s en fonction de vos besoins et de vos moyens.<\/p>\n<\/div>\n\n\n\n<div class=\"wp-block-column is-layout-flow wp-block-column-is-layout-flow\" style=\"margin-top:0;margin-right:0;margin-bottom:0;margin-left:0;flex-basis:100px\">\n<h3 class=\"wp-block-heading has-text-align-right\">60&nbsp;\u20ac<\/h3>\n\n\n\n<p class=\"has-text-align-right has-small-font-size\" style=\"margin-top:0\">60 minutes<\/p>\n<\/div>\n<\/div>\n<\/div>\n<\/div>\n<\/div>\n\n\n\n<h2 class=\"wp-block-heading has-text-align-center has-custom-violet-color has-text-color has-link-color has-x-large-font-size wp-elements-6efde4e526e7a1723f246fdcdc1583ce\">Remboursement des s\u00e9ances<\/h2>\n\n\n\n<p class=\"has-medium-font-size\"><strong>Je n&rsquo;appartiens \u00e0 aucun dispositif de remboursement des consultations en psychologie (\u00ab\u00a0Mon soutien psy\u00a0\u00bb, \u00ab\u00a0Sant\u00e9 psy \u00e9tudiants\u00a0\u00bb). Il n&rsquo;y a donc pas de prise en charge ou de remboursement automatique des consultations.<\/strong><\/p>\n\n\n\n<hr class=\"wp-block-separator has-text-color has-custom-navy-color has-alpha-channel-opacity has-custom-navy-background-color has-background is-style-dots\"\/>\n\n\n\n<div class=\"wp-block-columns is-layout-flex wp-container-core-columns-is-layout-28f84493 wp-block-columns-is-layout-flex\">\n<div class=\"wp-block-column is-layout-flow wp-block-column-is-layout-flow\">\n<h2 class=\"wp-block-heading has-custom-violet-color has-text-color has-link-color has-large-font-size wp-elements-ee1411365ec804c072d0710d97877376\">Remboursement mutuelles<\/h2>\n\n\n\n<p style=\"font-size:clamp(0.875rem, 0.875rem + ((1vw - 0.2rem) * 0.196), 1rem);\">Certaines mutuelles proposent un remboursement partiel ou complet des s\u00e9ances avec un\u00b7e psychologue. <\/p>\n\n\n\n<p style=\"font-size:clamp(0.875rem, 0.875rem + ((1vw - 0.2rem) * 0.196), 1rem);\">Pensez \u00e0 <strong>consulter votre mutuelle<\/strong>, une facture pourra vous \u00eatre transmise apr\u00e8s le r\u00e8glement de la s\u00e9ance.<\/p>\n<\/div>\n\n\n\n<div class=\"wp-block-column is-layout-flow wp-block-column-is-layout-flow\">\n<h2 class=\"wp-block-heading has-custom-violet-color has-text-color has-link-color has-large-font-size wp-elements-33571f899ea817e9af837674d115be93\">Adaptation des tarifs<\/h2>\n\n\n\n<p style=\"font-size:clamp(0.875rem, 0.875rem + ((1vw - 0.2rem) * 0.196), 1rem);\">Des <strong>tarifs adapt\u00e9s<\/strong> peuvent \u00eatre propos\u00e9s aux personnes ayant des difficult\u00e9s financi\u00e8res (\u00e9tudiant\u00b7e, demandeur\u00b7se d\u2019emploi, b\u00e9n\u00e9ficiaires du RSA ou de l\u2019AAH, etc).<\/p>\n\n\n\n<p style=\"font-size:clamp(0.875rem, 0.875rem + ((1vw - 0.2rem) * 0.196), 1rem);\">Cet ajustement est discut\u00e9 en s\u00e9ance.<\/p>\n<\/div>\n<\/div>\n\n\n\n<hr class=\"wp-block-separator has-text-color has-custom-navy-color has-alpha-channel-opacity has-custom-navy-background-color has-background is-style-dots\"\/>\n\n\n\n<div style=\"height:17px\" aria-hidden=\"true\" class=\"wp-block-spacer\"><\/div>\n\n\n\n<div class=\"wp-block-group alignfull has-custom-marigold-background-color has-background has-global-padding is-layout-constrained wp-container-core-group-is-layout-4d2f144a wp-block-group-is-layout-constrained\" style=\"border-radius:11px;margin-top:0px;margin-bottom:0px;padding-top:var(--wp--preset--spacing--20);padding-right:var(--wp--preset--spacing--20);padding-bottom:var(--wp--preset--spacing--20);padding-left:var(--wp--preset--spacing--20)\">\n<div class=\"wp-block-group alignwide is-content-justification-center is-layout-flex wp-container-core-group-is-layout-b02886af wp-block-group-is-layout-flex\">\n<h2 class=\"wp-block-heading is-style-text-subtitle has-custom-navy-color has-text-color has-link-color has-x-large-font-size wp-elements-3230e61c275281058a6096ae7c22dc31 is-style-text-subtitle--2\">Modalit\u00e9s de consultation en visio<\/h2>\n<\/div>\n\n\n\n<ul class=\"wp-block-list\">\n<li style=\"font-size:clamp(0.875rem, 0.875rem + ((1vw - 0.2rem) * 0.196), 1rem);\">Les consultations sont propos\u00e9es en visio pour les personnes qui ne sont pas sur Angers ou qui ne peuvent pas se d\u00e9placer au cabinet.<\/li>\n\n\n\n<li style=\"font-size:clamp(0.875rem, 0.875rem + ((1vw - 0.2rem) * 0.196), 1rem);\">Un lien de connexion vous sera envoy\u00e9 en amont du rendez-vous, vous n&rsquo;avez pas de logiciel \u00e0 installer.<\/li>\n\n\n\n<li style=\"font-size:clamp(0.875rem, 0.875rem + ((1vw - 0.2rem) * 0.196), 1rem);\">Le r\u00e8glement des consultations se fait le jour m\u00eame, par virement bancaire.<\/li>\n<\/ul>\n<\/div>\n\n\n\n<hr class=\"wp-block-separator has-text-color has-custom-navy-color has-alpha-channel-opacity has-custom-navy-background-color has-background is-style-dots\"\/>\n\n\n\n<p class=\"has-text-align-center\" style=\"font-size:clamp(0.875rem, 0.875rem + ((1vw - 0.2rem) * 0.196), 1rem);\">Si vous souhaitez plus d&rsquo;informations sur les possibilit\u00e9s de suivi, ainsi que ma m\u00e9thodologie de travail en amont de toute rencontre, ou si vous pr\u00e9f\u00e9rez \u00e9changer de vive voix, je reste disponible pour un <strong>entretien pr\u00e9alable<\/strong> (15mn) au t\u00e9l\u00e9phone.<\/p>\n\n\n\n<div class=\"wp-block-columns is-layout-flex wp-container-core-columns-is-layout-28f84493 wp-block-columns-is-layout-flex\">\n<div class=\"wp-block-column is-layout-flow wp-block-column-is-layout-flow\">\n<p class=\"has-text-align-right\" style=\"margin-right:var(--wp--preset--spacing--20);margin-left:var(--wp--preset--spacing--20);font-size:clamp(0.875rem, 0.875rem + ((1vw - 0.2rem) * 0.196), 1rem);\">Pour cela, vous pouvez m&rsquo;envoyer un <strong>mail <\/strong>ou un <strong>sms<\/strong>, avec vos informations de contact et vos disponibilit\u00e9s.<\/p>\n<\/div>\n\n\n\n<div class=\"wp-block-column is-layout-flow wp-block-column-is-layout-flow\">\n<div style=\"height:2px\" aria-hidden=\"true\" class=\"wp-block-spacer\"><\/div>\n\n\n\n<div class=\"wp-block-buttons is-content-justification-left is-layout-flex wp-container-core-buttons-is-layout-677c7702 wp-block-buttons-is-layout-flex\" style=\"margin-top:var(--wp--preset--spacing--20);margin-bottom:var(--wp--preset--spacing--20);padding-top:0;padding-right:0;padding-bottom:0;padding-left:0\">\n<div class=\"wp-block-button\"><a class=\"wp-block-button__link has-custom-cloud-color has-custom-violet-background-color has-text-color has-background has-link-color wp-element-button\" href=\"https:\/\/luciecoroller-psychologue.fr\/index.php\/prendre-rendez-vous\/\" style=\"padding-top:var(--wp--preset--spacing--20);padding-right:var(--wp--preset--spacing--30);padding-bottom:var(--wp--preset--spacing--20);padding-left:var(--wp--preset--spacing--30)\">Me contacter<\/a><\/div>\n<\/div>\n<\/div>\n<\/div>\n\n\n\n<hr class=\"wp-block-separator has-text-color has-custom-navy-color has-alpha-channel-opacity has-custom-navy-background-color has-background is-style-dots\"\/>\n","protected":false},"excerpt":{"rendered":"<p>Je re\u00e7ois sur rendez-vous, en cabinet ou en t\u00e9l\u00e9-consultation, toute personne \u00e0 partir de 18 ans. Du lundi au jeudi de 9h \u00e0 20h, selon les jours. Tarif des s\u00e9ances Modalit\u00e9s de paiement : carte bancaire, esp\u00e8ces, ch\u00e8que &amp; virement Premi\u00e8re consultation La premi\u00e8re s\u00e9ance est un moment de d\u00e9couverte pour vous comme pour moi, [&hellip;]<\/p>\n","protected":false},"author":1,"featured_media":0,"parent":0,"menu_order":0,"comment_status":"closed","ping_status":"closed","template":"","meta":{"footnotes":""},"class_list":["post-336","page","type-page","status-publish","hentry"],"_links":{"self":[{"href":"https:\/\/luciecoroller-psychologue.fr\/index.php\/wp-json\/wp\/v2\/pages\/336","targetHints":{"allow":["GET"]}}],"collection":[{"href":"https:\/\/luciecoroller-psychologue.fr\/index.php\/wp-json\/wp\/v2\/pages"}],"about":[{"href":"https:\/\/luciecoroller-psychologue.fr\/index.php\/wp-json\/wp\/v2\/types\/page"}],"author":[{"embeddable":true,"href":"https:\/\/luciecoroller-psychologue.fr\/index.php\/wp-json\/wp\/v2\/users\/1"}],"replies":[{"embeddable":true,"href":"https:\/\/luciecoroller-psychologue.fr\/index.php\/wp-json\/wp\/v2\/comments?post=336"}],"version-history":[{"count":5,"href":"https:\/\/luciecoroller-psychologue.fr\/index.php\/wp-json\/wp\/v2\/pages\/336\/revisions"}],"predecessor-version":[{"id":350,"href":"https:\/\/luciecoroller-psychologue.fr\/index.php\/wp-json\/wp\/v2\/pages\/336\/revisions\/350"}],"wp:attachment":[{"href":"https:\/\/luciecoroller-psychologue.fr\/index.php\/wp-json\/wp\/v2\/media?parent=336"}],"curies":[{"name":"wp","href":"https:\/\/api.w.org\/{rel}","templated":true}]}}