{"id":341,"date":"2026-01-15T10:06:10","date_gmt":"2026-01-15T09:06:10","guid":{"rendered":"https:\/\/luciecoroller-psychologue.fr\/?page_id=341"},"modified":"2026-02-16T11:36:02","modified_gmt":"2026-02-16T10:36:02","slug":"prendre-rendez-vous","status":"publish","type":"page","link":"https:\/\/luciecoroller-psychologue.fr\/index.php\/prendre-rendez-vous\/","title":{"rendered":"Prendre rendez-vous &#038; informations de contact"},"content":{"rendered":"\n<div class=\"wp-block-group alignfull has-global-padding is-layout-constrained wp-container-core-group-is-layout-c7d5e30c wp-block-group-is-layout-constrained\" style=\"margin-top:0;margin-bottom:0;padding-top:var(--wp--preset--spacing--20);padding-bottom:var(--wp--preset--spacing--20)\">\n<div class=\"wp-block-columns is-layout-flex wp-container-core-columns-is-layout-28f84493 wp-block-columns-is-layout-flex\">\n<div class=\"wp-block-column is-layout-flow wp-block-column-is-layout-flow\">\n<p class=\"has-text-align-center\" style=\"font-size:clamp(0.875rem, 0.875rem + ((1vw - 0.2rem) * 0.51), 1.2rem);\">Je re\u00e7ois toute personne \u00e0 partir de 18 ans, en visio ou sur Angers.<\/p>\n\n\n\n<p class=\"has-text-align-left\">Afin de faciliter la gestion des rendez-vous, <strong>la r\u00e9servation d&rsquo;un premier rendez-vous <\/strong>se fait <strong>via le site Perfactive<\/strong> (voir informations ci-dessous).<\/p>\n\n\n\n<p class=\"has-text-align-left\">Cela me permet de g\u00e9rer le flux des nouvelles demandes, tout en assurant la continuit\u00e9 de mes suivis actuels &#8211; et vous permettre de b\u00e9n\u00e9ficier d&rsquo;un d\u00e9but de prise en charge adapt\u00e9.<\/p>\n<\/div>\n<\/div>\n<\/div>\n\n\n\n<div class=\"wp-block-group alignfull has-custom-navy-color has-custom-cloud-background-color has-text-color has-background has-link-color wp-elements-b55355cbc5f176d57ccfca9a1d9237b5 has-global-padding is-layout-constrained wp-container-core-group-is-layout-20327d9d wp-block-group-is-layout-constrained\" style=\"margin-top:0px;margin-bottom:0px;padding-top:0;padding-right:0;padding-bottom:var(--wp--preset--spacing--20);padding-left:0\">\n<div class=\"wp-block-columns alignwide is-layout-flex wp-container-core-columns-is-layout-75e4c4bb wp-block-columns-is-layout-flex\" style=\"margin-top:var(--wp--preset--spacing--40);margin-bottom:0\">\n<div class=\"wp-block-column has-border-color has-global-padding is-content-justification-center is-layout-constrained wp-container-core-column-is-layout-4a478811 wp-block-column-is-layout-constrained\" style=\"border-color:#d17b88;border-width:2px;border-top-left-radius:2px;border-top-right-radius:2px;border-bottom-left-radius:2px;border-bottom-right-radius:2px;padding-top:var(--wp--preset--spacing--20);padding-right:var(--wp--preset--spacing--30);padding-bottom:var(--wp--preset--spacing--20);padding-left:var(--wp--preset--spacing--30)\">\n<div class=\"wp-block-columns is-not-stacked-on-mobile is-layout-flex wp-container-core-columns-is-layout-4d473b37 wp-block-columns-is-layout-flex\" style=\"margin-top:0;margin-bottom:0;padding-right:0;padding-left:0\">\n<div class=\"wp-block-column is-layout-flow wp-block-column-is-layout-flow\" style=\"flex-basis:100%\">\n<h2 class=\"wp-block-heading is-style-default\" style=\"margin-top:0;margin-bottom:0;padding-top:0;padding-bottom:0\">Premier rendez-vous<\/h2>\n\n\n\n<hr class=\"wp-block-separator has-text-color has-custom-pink-color has-alpha-channel-opacity has-custom-pink-background-color has-background is-style-dots\" style=\"margin-top:0;margin-bottom:0\"\/>\n\n\n\n<p class=\"has-custom-navy-color has-text-color has-link-color has-small-font-size wp-elements-39d5077c75b222c4b1e2ac189f0329f0\">Compl\u00e9tez le formulaire ci-dessous en cliquant sur \u00ab\u00a0<strong>Prendre rendez-vous<\/strong>\u00ab\u00a0.<\/p>\n\n\n\n<p class=\"has-small-font-size\">Je vous ferai rapidement un retour par mail pour vous indiquer mes disponibilit\u00e9s.<\/p>\n<\/div>\n<\/div>\n\n\n\n<div class=\"wp-block-buttons is-content-justification-center is-layout-flex wp-container-core-buttons-is-layout-a89b3969 wp-block-buttons-is-layout-flex\">\n<div class=\"wp-block-button\"><a class=\"wp-block-button__link has-custom-cloud-color has-custom-pink-background-color has-text-color has-background has-link-color wp-element-button\" href=\"https:\/\/perfactive.fr\/list\/lucie-coroller\" style=\"padding-top:var(--wp--preset--spacing--20);padding-right:var(--wp--preset--spacing--30);padding-bottom:var(--wp--preset--spacing--20);padding-left:var(--wp--preset--spacing--30)\">Prendre rendez-vous<\/a><\/div>\n<\/div>\n<\/div>\n\n\n\n<div class=\"wp-block-column has-border-color has-custom-cloud-background-color has-background has-global-padding is-content-justification-center is-layout-constrained wp-container-core-column-is-layout-3d4341b9 wp-block-column-is-layout-constrained\" style=\"border-color:#8f78a7;border-width:2px;border-top-left-radius:2px;border-top-right-radius:2px;border-bottom-left-radius:2px;border-bottom-right-radius:2px;padding-top:var(--wp--preset--spacing--20);padding-right:var(--wp--preset--spacing--30);padding-bottom:var(--wp--preset--spacing--20);padding-left:var(--wp--preset--spacing--30)\">\n<div class=\"wp-block-columns is-not-stacked-on-mobile is-layout-flex wp-container-core-columns-is-layout-81213e5a wp-block-columns-is-layout-flex\" style=\"margin-top:0;margin-bottom:0\">\n<div class=\"wp-block-column is-layout-flow wp-block-column-is-layout-flow\" style=\"flex-basis:100%\">\n<h2 class=\"wp-block-heading has-custom-violet-color has-text-color has-link-color wp-elements-6e19ecf9c89cbc675d8b736749c8e565\">Consultations de suivi<\/h2>\n\n\n\n<hr class=\"wp-block-separator has-text-color has-custom-violet-color has-alpha-channel-opacity has-custom-violet-background-color has-background is-style-dots\" style=\"margin-top:0;margin-bottom:0\"\/>\n\n\n\n<p class=\"has-custom-navy-color has-text-color has-link-color wp-elements-06dfd186c608c6a3b86266eb8056ccce\" style=\"font-size:clamp(0.875rem, 0.875rem + ((1vw - 0.2rem) * 0.008), 0.88rem);\">Pour toute personne en cours de suivi, ou ayant d\u00e9j\u00e0 b\u00e9n\u00e9fici\u00e9 d&rsquo;un rendez-vous avec moi, la prise de rendez-vous se fait par mail ou sms.<\/p>\n\n\n\n<p class=\"has-text-align-center has-small-font-size\"><em>Informations de contact ci-dessous<\/em>.<\/p>\n\n\n\n<p class=\"has-small-font-size\">Si vous utilisez <em>Doctolib<\/em>, vous pouvez \u00e9galement prendre rendez-vous directement sur le site.<\/p>\n\n\n\n<p class=\"has-text-align-center\"><em><a href=\"https:\/\/www.doctolib.fr\/psychologue\/angers\/lucie-coroller\" data-type=\"link\" data-id=\"https:\/\/www.doctolib.fr\/psychologue\/angers\/lucie-coroller\">Prendre rendez-vous sur Doctolib.<\/a><\/em><\/p>\n<\/div>\n<\/div>\n<\/div>\n<\/div>\n<\/div>\n\n\n\n<hr class=\"wp-block-separator has-text-color has-custom-navy-color has-alpha-channel-opacity has-custom-navy-background-color has-background is-style-dots\"\/>\n\n\n\n<p class=\"has-text-align-center\">Pour toute information ou pour une prise de rendez-vous, vous pouvez me contacter par <strong>mail<\/strong>, ou par <strong>sms<\/strong>. Un appel t\u00e9l\u00e9phonique (15mn) peut \u00eatre programm\u00e9 avant toute rencontre si vous le souhaitez.<\/p>\n\n\n\n<div class=\"wp-block-columns is-layout-flex wp-container-core-columns-is-layout-ca9ec167 wp-block-columns-is-layout-flex\" style=\"padding-top:var(--wp--preset--spacing--30);padding-right:var(--wp--preset--spacing--30);padding-bottom:var(--wp--preset--spacing--30);padding-left:var(--wp--preset--spacing--30)\">\n<div class=\"wp-block-column is-style-default has-border-color has-custom-pink-border-color is-layout-flow wp-container-core-column-is-layout-6fd78a62 wp-block-column-is-layout-flow\" style=\"border-width:2px;padding-top:var(--wp--preset--spacing--20);padding-right:var(--wp--preset--spacing--20);padding-bottom:var(--wp--preset--spacing--20);padding-left:var(--wp--preset--spacing--20)\">\n<h2 class=\"wp-block-heading has-large-font-size\">mail.<\/h2>\n\n\n\n<p class=\"has-text-align-center\" style=\"font-size:clamp(0.875rem, 0.875rem + ((1vw - 0.2rem) * 0.196), 1rem);\"><em>contact@luciecoroller-psychologue.fr<\/em><\/p>\n<\/div>\n\n\n\n<div class=\"wp-block-column has-border-color has-custom-pink-border-color is-layout-flow wp-container-core-column-is-layout-6fd78a62 wp-block-column-is-layout-flow\" style=\"border-width:2px;padding-top:var(--wp--preset--spacing--20);padding-right:var(--wp--preset--spacing--20);padding-bottom:var(--wp--preset--spacing--20);padding-left:var(--wp--preset--spacing--20)\">\n<h2 class=\"wp-block-heading has-large-font-size\">t\u00e9l\u00e9phone.<\/h2>\n\n\n\n<p class=\"has-text-align-center\" style=\"font-size:clamp(0.875rem, 0.875rem + ((1vw - 0.2rem) * 0.196), 1rem);font-style:italic;font-weight:300\">06.31.34.69.88<\/p>\n<\/div>\n<\/div>\n\n\n\n<p class=\"has-text-align-center\">N&rsquo;h\u00e9sitez pas \u00e0 me contacter pour toute question sur la prise en charge, l&rsquo;accessibilit\u00e9 du cabinet, les modalit\u00e9s d&rsquo;accompagnement ou sur ma pratique.<\/p>\n\n\n\n<hr class=\"wp-block-separator has-text-color has-custom-navy-color has-alpha-channel-opacity has-custom-navy-background-color has-background is-style-dots\"\/>\n","protected":false},"excerpt":{"rendered":"<p>Je re\u00e7ois toute personne \u00e0 partir de 18 ans, en visio ou sur Angers. Afin de faciliter la gestion des rendez-vous, la r\u00e9servation d&rsquo;un premier rendez-vous se fait via le site Perfactive (voir informations ci-dessous). Cela me permet de g\u00e9rer le flux des nouvelles demandes, tout en assurant la continuit\u00e9 de mes suivis actuels &#8211; [&hellip;]<\/p>\n","protected":false},"author":1,"featured_media":0,"parent":0,"menu_order":0,"comment_status":"closed","ping_status":"closed","template":"","meta":{"footnotes":""},"class_list":["post-341","page","type-page","status-publish","hentry"],"_links":{"self":[{"href":"https:\/\/luciecoroller-psychologue.fr\/index.php\/wp-json\/wp\/v2\/pages\/341","targetHints":{"allow":["GET"]}}],"collection":[{"href":"https:\/\/luciecoroller-psychologue.fr\/index.php\/wp-json\/wp\/v2\/pages"}],"about":[{"href":"https:\/\/luciecoroller-psychologue.fr\/index.php\/wp-json\/wp\/v2\/types\/page"}],"author":[{"embeddable":true,"href":"https:\/\/luciecoroller-psychologue.fr\/index.php\/wp-json\/wp\/v2\/users\/1"}],"replies":[{"embeddable":true,"href":"https:\/\/luciecoroller-psychologue.fr\/index.php\/wp-json\/wp\/v2\/comments?post=341"}],"version-history":[{"count":5,"href":"https:\/\/luciecoroller-psychologue.fr\/index.php\/wp-json\/wp\/v2\/pages\/341\/revisions"}],"predecessor-version":[{"id":356,"href":"https:\/\/luciecoroller-psychologue.fr\/index.php\/wp-json\/wp\/v2\/pages\/341\/revisions\/356"}],"wp:attachment":[{"href":"https:\/\/luciecoroller-psychologue.fr\/index.php\/wp-json\/wp\/v2\/media?parent=341"}],"curies":[{"name":"wp","href":"https:\/\/api.w.org\/{rel}","templated":true}]}}