{"id":5,"date":"2025-05-27T13:55:19","date_gmt":"2025-05-27T11:55:19","guid":{"rendered":"http:\/\/luciecoroller-psychologue.fr\/?page_id=5"},"modified":"2026-03-05T18:00:12","modified_gmt":"2026-03-05T17:00:12","slug":"approche-therapeutique","status":"publish","type":"page","link":"https:\/\/luciecoroller-psychologue.fr\/index.php\/approche-therapeutique\/","title":{"rendered":"Approche th\u00e9rapeutique"},"content":{"rendered":"\n<p>Dipl\u00f4m\u00e9e d&rsquo;un master de psychologie de l\u2019Universit\u00e9 de Caen, j&rsquo;ai prolong\u00e9 mon parcours universitaire par une formation en <strong>th\u00e9rapie centr\u00e9e sur les \u00e9motions<\/strong>. Ma pratique s&rsquo;inscrit dans une <strong>approche humaniste int\u00e9grative <\/strong>qui s\u2019appuie sur les connaissances et outils issus de diff\u00e9rentes modalit\u00e9s psychoth\u00e9rapeutiques.<\/p>\n\n\n\n<p>Mon approche th\u00e9rapeutique repose sur l&rsquo;\u00e9coute <strong>positive inconditionnelle<\/strong> des personnes que j\u2019accompagne. Quelles que soient les raisons qui vous am\u00e8nent \u00e0 consulter, je vous propose un espace de parole et d&rsquo;\u00e9coute sans jugement o\u00f9 vous pourrez explorer vos ressentis et d\u00e9velopper une meilleure compr\u00e9hension de vous-m\u00eame. Nos \u00e9changes vont se construire dans une dynamique fond\u00e9e sur l\u2019\u00e9coute <strong>empathique <\/strong>et <strong>bienveillante<\/strong>, dans le respect de vos <strong>besoins<\/strong>.<\/p>\n\n\n\n<p>Les raisons de se tourner vers un\u00b7e psychologue sont multiples et <strong>chaque chemin est unique<\/strong>. Entamer une th\u00e9rapie peut vous aider \u00e0 r\u00e9soudre des difficult\u00e9s, mais cet accompagnement peut aussi soutenir le d\u00e9veloppement de comp\u00e9tences relationnelles, l&rsquo;exploration de son histoire personnelle, l&rsquo;\u00e9panouissement individuel&#8230; Quelles que soient vos attentes, mon r\u00f4le est de vous accompagner, \u00e0 <strong>votre rythme<\/strong>, vers une meilleure compr\u00e9hension de vous-m\u00eame, en vous aidant \u00e0 trouver <strong>vos propres ressources<\/strong> pour avancer avec plus de clart\u00e9 et de s\u00e9r\u00e9nit\u00e9.<\/p>\n\n\n\n<hr class=\"wp-block-separator has-text-color has-custom-navy-color has-alpha-channel-opacity has-custom-navy-background-color has-background is-style-dots\" style=\"margin-top:var(--wp--preset--spacing--40);margin-bottom:var(--wp--preset--spacing--40)\"\/>\n\n\n\n<h2 class=\"wp-block-heading\">Mes formations<\/h2>\n\n\n\n<ul class=\"wp-block-list\">\n<li class=\"has-medium-font-size\">2026 &#8211; Journ\u00e9e de formation sur le traumatisme vicariant (ou psychotraumatisme secondaire), Solidarit\u00e9 Femmes 85<\/li>\n\n\n\n<li class=\"has-medium-font-size\">2024 &#8211; Th\u00e9rapie Centr\u00e9e sur les \u00e9motions (niveau 1), <a href=\"https:\/\/www.iftce.fr\/\">IFTCE<\/a><\/li>\n\n\n\n<li class=\"has-medium-font-size\">2022 &#8211; Master de Psychologie \u00ab\u00a0Accompagnement au changement\u00a0\u00bb, Universit\u00e9 de Caen<\/li>\n\n\n\n<li class=\"has-medium-font-size\">2019 &#8211; Formation \u00e0 l&rsquo;\u00e9coute active rog\u00e9rienne (ACP)<\/li>\n\n\n\n<li class=\"has-medium-font-size\">2017 &#8211; Formation \u00e0 l&rsquo;accueil des personnes ayant v\u00e9cu des violences sexistes et sexuelles, <a href=\"https:\/\/www.lechappee-lille.fr\/\" data-type=\"link\" data-id=\"https:\/\/www.lechappee-lille.fr\/\">L&rsquo;Echapp\u00e9e<\/a><\/li>\n<\/ul>\n\n\n\n<hr class=\"wp-block-separator has-text-color has-custom-navy-color has-alpha-channel-opacity has-custom-navy-background-color has-background is-style-dots\" style=\"margin-top:var(--wp--preset--spacing--40);margin-bottom:var(--wp--preset--spacing--40)\"\/>\n\n\n\n<div class=\"wp-block-columns is-layout-flex wp-container-core-columns-is-layout-28f84493 wp-block-columns-is-layout-flex\">\n<div class=\"wp-block-column is-layout-flow wp-block-column-is-layout-flow\">\n<div class=\"wp-block-columns is-layout-flex wp-container-core-columns-is-layout-28f84493 wp-block-columns-is-layout-flex\">\n<div class=\"wp-block-column is-layout-flow wp-block-column-is-layout-flow\">\n<h2 class=\"wp-block-heading\">Th\u00e9rapie f\u00e9ministe &amp; psychologie situ\u00e9e<\/h2>\n\n\n\n<p>Psychologue f\u00e9ministe et situ\u00e9e, je prends en compte le contexte socio-culturel &amp; son impact sur les personnes.<\/p>\n\n\n\n<div class=\"wp-block-buttons is-content-justification-center is-layout-flex wp-container-core-buttons-is-layout-a89b3969 wp-block-buttons-is-layout-flex\">\n<div class=\"wp-block-button\"><a class=\"wp-block-button__link has-custom-cloud-color has-custom-violet-background-color has-text-color has-background has-link-color has-text-align-center wp-element-button\" href=\"https:\/\/luciecoroller-psychologue.fr\/index.php\/therapie-feministe-et-psychologie-situee\/\">En savoir plus<\/a><\/div>\n<\/div>\n<\/div>\n\n\n\n<div class=\"wp-block-column is-layout-flow wp-block-column-is-layout-flow\">\n<h2 class=\"wp-block-heading\">Th\u00e9rapie centr\u00e9e sur les \u00e9motions<\/h2>\n\n\n\n<p>M&rsquo;appuyant sur une approche humaniste int\u00e9grative, je mobilise les outils th\u00e9rapeutique en fonction de vos besoins : notamment la th\u00e9rapie centr\u00e9e sur les \u00e9motions.<\/p>\n\n\n\n<div class=\"wp-block-buttons is-content-justification-center is-layout-flex wp-container-core-buttons-is-layout-a89b3969 wp-block-buttons-is-layout-flex\">\n<div class=\"wp-block-button\"><a class=\"wp-block-button__link has-custom-cloud-color has-custom-violet-background-color has-text-color has-background has-link-color wp-element-button\" href=\"https:\/\/luciecoroller-psychologue.fr\/index.php\/therapie-centree-sur-les-emotions\/\">En savoir plus<\/a><\/div>\n<\/div>\n<\/div>\n<\/div>\n<\/div>\n<\/div>\n\n\n\n<hr class=\"wp-block-separator has-text-color has-custom-navy-color has-alpha-channel-opacity has-custom-navy-background-color has-background is-style-dots\" style=\"margin-top:var(--wp--preset--spacing--40);margin-bottom:var(--wp--preset--spacing--40)\"\/>\n","protected":false},"excerpt":{"rendered":"<p>Dipl\u00f4m\u00e9e d&rsquo;un master de psychologie de l\u2019Universit\u00e9 de Caen, j&rsquo;ai prolong\u00e9 mon parcours universitaire par une formation en th\u00e9rapie centr\u00e9e sur les \u00e9motions. Ma pratique s&rsquo;inscrit dans une approche humaniste int\u00e9grative qui s\u2019appuie sur les connaissances et outils issus de diff\u00e9rentes modalit\u00e9s psychoth\u00e9rapeutiques. Mon approche th\u00e9rapeutique repose sur l&rsquo;\u00e9coute positive inconditionnelle des personnes que j\u2019accompagne. [&hellip;]<\/p>\n","protected":false},"author":1,"featured_media":0,"parent":0,"menu_order":2,"comment_status":"closed","ping_status":"closed","template":"","meta":{"footnotes":""},"class_list":["post-5","page","type-page","status-publish","hentry"],"_links":{"self":[{"href":"https:\/\/luciecoroller-psychologue.fr\/index.php\/wp-json\/wp\/v2\/pages\/5","targetHints":{"allow":["GET"]}}],"collection":[{"href":"https:\/\/luciecoroller-psychologue.fr\/index.php\/wp-json\/wp\/v2\/pages"}],"about":[{"href":"https:\/\/luciecoroller-psychologue.fr\/index.php\/wp-json\/wp\/v2\/types\/page"}],"author":[{"embeddable":true,"href":"https:\/\/luciecoroller-psychologue.fr\/index.php\/wp-json\/wp\/v2\/users\/1"}],"replies":[{"embeddable":true,"href":"https:\/\/luciecoroller-psychologue.fr\/index.php\/wp-json\/wp\/v2\/comments?post=5"}],"version-history":[{"count":13,"href":"https:\/\/luciecoroller-psychologue.fr\/index.php\/wp-json\/wp\/v2\/pages\/5\/revisions"}],"predecessor-version":[{"id":363,"href":"https:\/\/luciecoroller-psychologue.fr\/index.php\/wp-json\/wp\/v2\/pages\/5\/revisions\/363"}],"wp:attachment":[{"href":"https:\/\/luciecoroller-psychologue.fr\/index.php\/wp-json\/wp\/v2\/media?parent=5"}],"curies":[{"name":"wp","href":"https:\/\/api.w.org\/{rel}","templated":true}]}}