{"id":8,"date":"2025-05-27T13:55:42","date_gmt":"2025-05-27T11:55:42","guid":{"rendered":"http:\/\/luciecoroller-psychologue.fr\/?page_id=8"},"modified":"2026-03-05T17:53:59","modified_gmt":"2026-03-05T16:53:59","slug":"therapie-feministe-et-psychologie-situee","status":"publish","type":"page","link":"https:\/\/luciecoroller-psychologue.fr\/index.php\/therapie-feministe-et-psychologie-situee\/","title":{"rendered":"Th\u00e9rapie f\u00e9ministe &amp; psychologie situ\u00e9e"},"content":{"rendered":"\n<blockquote class=\"wp-block-quote is-layout-flow wp-block-quote-is-layout-flow\">\n<p><strong>Je m&rsquo;inscris dans une approche de la psychologie qui prend en compte l&rsquo;existence des syst\u00e8mes et m\u00e9canismes de domination pr\u00e9sents dans notre soci\u00e9t\u00e9.<\/strong><\/p>\n<\/blockquote>\n\n\n\n<p>Les personnes appartenant \u00e0 des minorit\u00e9s rencontrent souvent des difficult\u00e9s \u00e0 trouver un\u00b7e psychologue concern\u00e9\u00b7e par des probl\u00e9matiques similaires, ou sensibilis\u00e9\u00b7e aux enjeux sp\u00e9cifiques \u00e0 leur situation socio-culturelle &amp; aux discriminations qu&rsquo;ils\u00b7elles subissent. En tant que soignant\u00b7es, nous avons toujours \u00e0 apprendre de celleux que nous accompagnons, et chaque personne qui entre dans notre cabinet est unique.<\/p>\n\n\n\n<p>Cependant, ce n&rsquo;est pas aux personnes qui consultent de porter le poids de l&rsquo;\u00e9ducation de leur th\u00e9rapeute. Chacun et chacune a le droit d&rsquo;acc\u00e9der \u00e0 un <strong>espace th\u00e9rapeutique s\u00e9curisant<\/strong>, qui respecte <strong>leur identit\u00e9, leur parole, leurs exp\u00e9riences et leurs v\u00e9cus sp\u00e9cifiques<\/strong>. En tant que psychologue, nous avons le devoir d&rsquo;offrir un <strong>cadre s\u00e9curisant <\/strong>pour les personnes &#8211; quel que soit leur parcours et leurs exp\u00e9riences de vie.<\/p>\n\n\n\n<p>Dans ma pratique, je prends en consid\u00e9ration l\u2019impact des <strong>oppressions syst\u00e9miques*<\/strong> sur le fonctionnement psychique et la sant\u00e9 des personnes que j&rsquo;accompagne. Ces questions peuvent \u00eatre librement discut\u00e9es pendant nos \u00e9changes.<\/p>\n\n\n\n<pre class=\"wp-block-preformatted has-custom-pink-background-color has-background has-small-font-size\">* Le terme d'<strong>oppression syst\u00e9mique<\/strong> inclut, sans \u00eatre limit\u00e9 \u00e0 : le sexisme, le racisme, l'islamophobie, l'homophobie, la lesbophobie, la transphobie, le validisme, le sanisme, etc.<\/pre>\n\n\n\n<hr class=\"wp-block-separator has-text-color has-custom-navy-color has-alpha-channel-opacity has-custom-navy-background-color has-background is-style-dots\"\/>\n\n\n\n<p>Ma pratique est&nbsp;<strong>inform\u00e9e par le trauma<\/strong>, ce qui signifie que je prends en compte l&rsquo;impact global des violences v\u00e9cues sur l&rsquo;ensemble des facettes de la vie. Je re\u00e7ois les personnes dans leur int\u00e9gralit\u00e9 en percevant les sympt\u00f4mes comme des strat\u00e9gies de survie d\u00e9velopp\u00e9es \u00e0 un moment donn\u00e9, pour r\u00e9pondre \u00e0 un environnement instable ou dangereux. L&rsquo;accompagnement psychoth\u00e9rapeutique vise alors \u00e0 <strong>comprendre <\/strong>les r\u00e9actions dans leur contexte, ce qui permet ensuite de <strong>renforcer les capacit\u00e9s de r\u00e9gulation<\/strong> et l&rsquo;<strong>autonomie<\/strong> des personnes. Lors des s\u00e9ances, l&rsquo;accent est mis sur votre s\u00e9curit\u00e9 physique et psychique, ainsi que sur leur maintient hors de la th\u00e9rapie.<\/p>\n\n\n\n<hr class=\"wp-block-separator has-text-color has-custom-navy-color has-alpha-channel-opacity has-custom-navy-background-color has-background is-style-dots\"\/>\n\n\n\n<div class=\"wp-block-group alignfull has-global-padding is-layout-constrained wp-block-group-is-layout-constrained\" style=\"margin-top:0;margin-bottom:0\">\n<div class=\"wp-block-group alignwide has-global-padding is-layout-constrained wp-container-core-group-is-layout-46b467bc wp-block-group-is-layout-constrained\" style=\"margin-top:0;margin-bottom:0;padding-top:0;padding-bottom:0\">\n<div style=\"height:27px\" aria-hidden=\"true\" class=\"wp-block-spacer\"><\/div>\n\n\n\n<div class=\"wp-block-columns is-layout-flex wp-container-core-columns-is-layout-cbe57604 wp-block-columns-is-layout-flex\">\n<div class=\"wp-block-column is-layout-flow wp-block-column-is-layout-flow\">\n<div class=\"wp-block-group is-layout-flow wp-block-group-is-layout-flow\" style=\"border-top-color:var(--wp--preset--color--accent-6);border-top-width:1px;padding-top:var(--wp--preset--spacing--30);padding-bottom:var(--wp--preset--spacing--30)\">\n<h3 class=\"wp-block-heading\">Formation sur les violences sexistes et sexuelles<\/h3>\n\n\n\n<p>Engag\u00e9e dans la <strong>lutte contre les violences sexistes et sexuelles<\/strong> \u00e0 travers des actions de b\u00e9n\u00e9volat dans des structures d&rsquo;<strong>accompagnement de personnes<\/strong> victimes de violences, je suis form\u00e9e \u00e0 l&rsquo;accueil en premi\u00e8re intention de personnes victimes de VSS.<\/p>\n<\/div>\n<\/div>\n\n\n\n<div class=\"wp-block-column is-layout-flow wp-block-column-is-layout-flow\">\n<div class=\"wp-block-group is-layout-flow wp-block-group-is-layout-flow\" style=\"border-top-color:var(--wp--preset--color--accent-6);border-top-width:1px;padding-top:var(--wp--preset--spacing--30);padding-bottom:var(--wp--preset--spacing--30)\">\n<h3 class=\"wp-block-heading\">Accompagnement des personnes LGBTQIA+<\/h3>\n\n\n\n<p>Je re\u00e7ois chacun\u00b7e dans une <strong>approche affirmative d&rsquo;acceptation radicale<\/strong> des identit\u00e9s et des parcours, sans remise en question de votre identit\u00e9, de votre exp\u00e9rience v\u00e9cue ou de vos ressentis.<\/p>\n\n\n\n<div class=\"wp-block-buttons is-layout-flex wp-block-buttons-is-layout-flex\">\n<div class=\"wp-block-button has-custom-width wp-block-button__width-100\"><a class=\"wp-block-button__link has-custom-cloud-color has-custom-violet-background-color has-text-color has-background has-link-color wp-element-button\" href=\"https:\/\/luciecoroller-psychologue.fr\/index.php\/accompagnement-des-personnes-issues-de-la-communaute-lgbt\/\" style=\"padding-top:0;padding-right:0;padding-bottom:0;padding-left:0\">Accueil des personnes LGBTQIA+<\/a><\/div>\n<\/div>\n<\/div>\n<\/div>\n<\/div>\n\n\n\n<div class=\"wp-block-columns is-layout-flex wp-container-core-columns-is-layout-cbe57604 wp-block-columns-is-layout-flex\">\n<div class=\"wp-block-column is-layout-flow wp-block-column-is-layout-flow\">\n<div class=\"wp-block-group is-layout-flow wp-block-group-is-layout-flow\" style=\"border-top-color:var(--wp--preset--color--accent-6);border-top-width:1px;padding-top:var(--wp--preset--spacing--30);padding-bottom:var(--wp--preset--spacing--30)\">\n<h3 class=\"wp-block-heading\">Tarifs adapt\u00e9s<\/h3>\n\n\n\n<p>Afin de promouvoir l\u2019<strong>\u00e9galit\u00e9 d\u2019acc\u00e8s \u00e0 la th\u00e9rapie<\/strong> et je m\u2019efforce, dans ma pratique, \u00e0 proposer un espace inclusif pour toutes et tous, notamment en proposant des honoraires adapt\u00e9s \u00e0 chaque situation.<\/p>\n\n\n\n<div class=\"wp-block-buttons is-layout-flex wp-block-buttons-is-layout-flex\">\n<div class=\"wp-block-button\"><a class=\"wp-block-button__link has-custom-cloud-color has-custom-violet-background-color has-text-color has-background has-link-color wp-element-button\" href=\"https:\/\/luciecoroller-psychologue.fr\/index.php\/tarifs-modalites\/\" style=\"padding-top:0;padding-bottom:0\">Voir modalit\u00e9s &amp; tarifs<\/a><\/div>\n<\/div>\n<\/div>\n<\/div>\n\n\n\n<div class=\"wp-block-column is-layout-flow wp-block-column-is-layout-flow\">\n<div class=\"wp-block-group is-layout-flow wp-block-group-is-layout-flow\" style=\"border-top-color:var(--wp--preset--color--accent-6);border-top-width:1px;padding-top:var(--wp--preset--spacing--30);padding-bottom:var(--wp--preset--spacing--30)\">\n<h3 class=\"wp-block-heading\"><\/h3>\n<\/div>\n<\/div>\n<\/div>\n<\/div>\n<\/div>\n\n\n\n<hr class=\"wp-block-separator has-text-color has-custom-navy-color has-alpha-channel-opacity has-custom-navy-background-color has-background is-style-dots\"\/>\n","protected":false},"excerpt":{"rendered":"<p>Je m&rsquo;inscris dans une approche de la psychologie qui prend en compte l&rsquo;existence des syst\u00e8mes et m\u00e9canismes de domination pr\u00e9sents dans notre soci\u00e9t\u00e9. Les personnes appartenant \u00e0 des minorit\u00e9s rencontrent souvent des difficult\u00e9s \u00e0 trouver un\u00b7e psychologue concern\u00e9\u00b7e par des probl\u00e9matiques similaires, ou sensibilis\u00e9\u00b7e aux enjeux sp\u00e9cifiques \u00e0 leur situation socio-culturelle &amp; aux discriminations qu&rsquo;ils\u00b7elles [&hellip;]<\/p>\n","protected":false},"author":1,"featured_media":0,"parent":0,"menu_order":3,"comment_status":"closed","ping_status":"closed","template":"","meta":{"footnotes":""},"class_list":["post-8","page","type-page","status-publish","hentry"],"_links":{"self":[{"href":"https:\/\/luciecoroller-psychologue.fr\/index.php\/wp-json\/wp\/v2\/pages\/8","targetHints":{"allow":["GET"]}}],"collection":[{"href":"https:\/\/luciecoroller-psychologue.fr\/index.php\/wp-json\/wp\/v2\/pages"}],"about":[{"href":"https:\/\/luciecoroller-psychologue.fr\/index.php\/wp-json\/wp\/v2\/types\/page"}],"author":[{"embeddable":true,"href":"https:\/\/luciecoroller-psychologue.fr\/index.php\/wp-json\/wp\/v2\/users\/1"}],"replies":[{"embeddable":true,"href":"https:\/\/luciecoroller-psychologue.fr\/index.php\/wp-json\/wp\/v2\/comments?post=8"}],"version-history":[{"count":17,"href":"https:\/\/luciecoroller-psychologue.fr\/index.php\/wp-json\/wp\/v2\/pages\/8\/revisions"}],"predecessor-version":[{"id":359,"href":"https:\/\/luciecoroller-psychologue.fr\/index.php\/wp-json\/wp\/v2\/pages\/8\/revisions\/359"}],"wp:attachment":[{"href":"https:\/\/luciecoroller-psychologue.fr\/index.php\/wp-json\/wp\/v2\/media?parent=8"}],"curies":[{"name":"wp","href":"https:\/\/api.w.org\/{rel}","templated":true}]}}